{"id":2,"date":"2011-07-30T08:35:53","date_gmt":"2011-07-30T08:35:53","guid":{"rendered":"http:\/\/www.viitapohja.fi\/?page_id=2"},"modified":"2026-04-29T20:41:04","modified_gmt":"2026-04-29T18:41:04","slug":"esimerkkisivu","status":"publish","type":"page","link":"https:\/\/www.viitapohja.fi\/?page_id=2","title":{"rendered":"Toimintasuunnitelma"},"content":{"rendered":"<p>T\u00e4ll\u00e4 sivulla tullaan julkaisemaa yleistietoa kyl\u00e4yhdistyksen toiminnasta.<\/p>\n<p><em><strong>\u00a0<\/strong><\/em><em><strong>&#8221;Yhdistyksen tarkoitus on Viitapohjan kyl\u00e4n kehitt\u00e4minen, asukkaiden etujen ja viihtyvyyden lis\u00e4\u00e4minen, perinteiden vaaliminen sek\u00e4 hyvinvoinnin edist\u00e4minen. <\/strong><strong>Kyl\u00e4yhdistys pyrkii toiminnallaan lis\u00e4\u00e4m\u00e4\u00e4n sek\u00e4 vakituisten ett\u00e4 kes\u00e4asukkaiden yhteis\u00f6llisyytt\u00e4 ja yhteistoimintaa mm. yhteisill\u00e4 virkistystapahtumilla ja talkoilla&#8221;.<\/strong><\/em><\/p>\n<p><b>Viitapohjan kyl\u00e4yhdistys ry:n<\/b><\/p>\n<p>&nbsp;<\/p>\n<p><b> \u00a0\u00a0\u00a0TOIMINTASUUNNITELMA VUODELLE<\/b> <b>2026- 2027<\/b><\/p>\n<ul>\n<li><span style=\"font-weight: 400;\">Toukokuussa siivoustalkoot<\/span><\/li>\n<li><span style=\"font-weight: 400;\">Lettolan t\u00f6r\u00e4ys -kes\u00e4tapahtuma<\/span><\/li>\n<li><span style=\"font-weight: 400;\">Kasvimaan kunkku -kilpailu syksyll\u00e4<\/span><\/li>\n<li><span style=\"font-weight: 400;\">Lapsiperheretki l\u00e4hilaavuille<\/span><\/li>\n<li>Ulkoiluretki l\u00e4hilaavuille<\/li>\n<li><span style=\"font-weight: 400;\">Uimahallilippuja tarjolla Oriveden uimahalliin max 3 kertaa kev\u00e4\u00e4ll\u00e4 ja 3 kertaa syksyll\u00e4 \/ hl\u00f6 kyl\u00e4n asukkaille.<\/span><\/li>\n<li>Levyraati tai karaokeiltamat<\/li>\n<li><span style=\"font-weight: 400;\">kylpyl\u00e4retki<\/span><\/li>\n<li>Urheilutoimintaa Lettolan kent\u00e4ll\u00e4 l\u00e4pi vuoden<\/li>\n<li><span style=\"font-weight: 400;\">Talvitapahtuma helmi-maaliskuussa<\/span><\/li>\n<li><span style=\"font-weight: 400;\">yli 75-vuotiaita muistetaan joulukassilla<\/span><\/li>\n<li><span style=\"font-weight: 400;\">Muistetaan kyl\u00e4lle muut<\/span>tavia perheit\u00e4 ja kyl\u00e4lle syntyvi\u00e4 vauvoja.<\/li>\n<li>Muistetaan 50-vuotis ja sit\u00e4 vanhempia tasavuotismerkkip\u00e4ivi\u00e4 viett\u00e4vi\u00e4, jotka ovat olleet aktiivisesti kyl\u00e4yhdistyksen toiminnassa mukana<\/li>\n<li>Muistetaan omaisia kyl\u00e4l\u00e4isen kuoleman johdosta.<\/li>\n<li>Huomioidaan tekij\u00f6it\u00e4 kent\u00e4n ja hiihtolatujen yll\u00e4pidosta.<\/li>\n<li><span style=\"font-weight: 400;\">Lapsille yhteinen j\u00e4\u00e4kiekkovuoro ja aikuinen vet\u00e4j\u00e4<\/span><\/li>\n<li>Tuetaan Oriveden j\u00e4\u00e4hallin saunavuoroa ja grillin vuokrausta j\u00e4\u00e4kiekkoporukalle<\/li>\n<li><span style=\"font-weight: 400;\">Seurataan Viitavuoren kallioalueelle suunniteltua kallion louhinta- ja murskaushanketta<\/span><\/li>\n<li><span style=\"font-weight: 400;\">Seurataan Oriveden kultakaivoksen tilannetta<\/span><\/li>\n<li>Seurataan Nurmen alueen ja Sorilan kehityst\u00e4<\/li>\n<li>Seurataan Teerentaipaleen rakentamista ja selvitet\u00e4\u00e4n Hankaj\u00e4rven laavun hoitomahdollisuutta talkooporukan toimesta.<\/li>\n<li>Tehd\u00e4\u00e4n yhteisty\u00f6t\u00e4 Marttojen kanssa, mm. kyl\u00e4n yhteinen joulujuhla sek\u00e4 kes\u00e4teatteriretki. Per\u00e4konttikirppis esim. M\u00e4nnist\u00f6ss\u00e4.<\/li>\n<li>Toimintaa muiden kyl\u00e4yhdistysten kanssa.<\/li>\n<li>Seurataan joukkoliikenteen toimintaa kyl\u00e4ll\u00e4<\/li>\n<li>Haetaan tukeaa lasten ja nuorten liikunnan j\u00e4rjest\u00e4miseen<\/li>\n<\/ul>\n<p>&nbsp;<\/p>\n<p>&nbsp;<\/p>\n<p>Hallituksen j\u00e4senten yhteystiedot:<\/p>\n<table width=\"1021\">\n<tbody>\n<tr>\n<td><strong>Kumpunen Arttu, PJ<\/strong><\/td>\n<td><\/td>\n<td><\/td>\n<td><\/td>\n<\/tr>\n<tr>\n<td><strong>Weckroth Jorma, Rahastonhoitaja<\/strong><\/td>\n<td><\/td>\n<td><\/td>\n<td><\/td>\n<\/tr>\n<tr>\n<td><span style=\"color: #000000;\"><b>Hanhilahti Villiruusu<\/b><\/span><\/td>\n<td><strong>\u00a0<\/strong><\/td>\n<td><\/td>\n<td><\/td>\n<\/tr>\n<tr>\n<td><span style=\"color: #000000;\"><strong>Savolainen Janne<\/strong><span style=\"color: #000000;\"><b><br \/>\n<\/b><\/span><\/span><\/td>\n<td><strong>\u00a0<\/strong><\/td>\n<td><\/td>\n<td><\/td>\n<\/tr>\n<tr>\n<td><span style=\"color: #000000;\"><b>Syd\u00e4nlammi Saana<\/b><\/span><\/td>\n<td><strong>\u00a0<\/strong><\/td>\n<td><\/td>\n<td><\/td>\n<\/tr>\n<tr>\n<td><b>H<\/b><b>eino Jukka<\/b><\/td>\n<td><strong>\u00a0<\/strong><\/td>\n<td><\/td>\n<td><\/td>\n<\/tr>\n<tr>\n<td><strong>Larres Heikki<\/strong><\/td>\n<td><strong>\u00a0<\/strong><\/td>\n<td><\/td>\n<td><\/td>\n<\/tr>\n<tr>\n<td><strong>Piia Kumpunen<\/strong><\/td>\n<td><strong>\u00a0<\/strong><\/td>\n<td><\/td>\n<td><\/td>\n<\/tr>\n<tr>\n<td><strong>Dubenko Jaana<\/strong><\/td>\n<td><strong>\u00a0<\/strong><\/td>\n<td><\/td>\n<td><\/td>\n<\/tr>\n<\/tbody>\n<\/table>\n<p>Yhteydenotto:\u00a0 viitapohjankylayhdistys@gmail.com<\/p>\n","protected":false},"excerpt":{"rendered":"<p>T\u00e4ll\u00e4 sivulla tullaan julkaisemaa yleistietoa kyl\u00e4yhdistyksen toiminnasta. \u00a0&#8221;Yhdistyksen tarkoitus on Viitapohjan kyl\u00e4n kehitt\u00e4minen, asukkaiden etujen ja viihtyvyyden lis\u00e4\u00e4minen, perinteiden vaaliminen sek\u00e4 hyvinvoinnin edist\u00e4minen. Kyl\u00e4yhdistys pyrkii toiminnallaan lis\u00e4\u00e4m\u00e4\u00e4n sek\u00e4 vakituisten ett\u00e4 kes\u00e4asukkaiden yhteis\u00f6llisyytt\u00e4 ja yhteistoimintaa mm. yhteisill\u00e4 virkistystapahtumilla ja talkoilla&#8221;. Viitapohjan &hellip; <a href=\"https:\/\/www.viitapohja.fi\/?page_id=2\">Lue loppuun <span class=\"meta-nav\">&rarr;<\/span><\/a><\/p>\n","protected":false},"author":1,"featured_media":0,"parent":0,"menu_order":0,"comment_status":"open","ping_status":"open","template":"","meta":{"footnotes":""},"class_list":["post-2","page","type-page","status-publish","hentry"],"_links":{"self":[{"href":"https:\/\/www.viitapohja.fi\/index.php?rest_route=\/wp\/v2\/pages\/2","targetHints":{"allow":["GET"]}}],"collection":[{"href":"https:\/\/www.viitapohja.fi\/index.php?rest_route=\/wp\/v2\/pages"}],"about":[{"href":"https:\/\/www.viitapohja.fi\/index.php?rest_route=\/wp\/v2\/types\/page"}],"author":[{"embeddable":true,"href":"https:\/\/www.viitapohja.fi\/index.php?rest_route=\/wp\/v2\/users\/1"}],"replies":[{"embeddable":true,"href":"https:\/\/www.viitapohja.fi\/index.php?rest_route=%2Fwp%2Fv2%2Fcomments&post=2"}],"version-history":[{"count":48,"href":"https:\/\/www.viitapohja.fi\/index.php?rest_route=\/wp\/v2\/pages\/2\/revisions"}],"predecessor-version":[{"id":878,"href":"https:\/\/www.viitapohja.fi\/index.php?rest_route=\/wp\/v2\/pages\/2\/revisions\/878"}],"wp:attachment":[{"href":"https:\/\/www.viitapohja.fi\/index.php?rest_route=%2Fwp%2Fv2%2Fmedia&parent=2"}],"curies":[{"name":"wp","href":"https:\/\/api.w.org\/{rel}","templated":true}]}}