{"id":888,"date":"2026-04-29T21:29:03","date_gmt":"2026-04-29T19:29:03","guid":{"rendered":"https:\/\/www.viitapohja.fi\/?page_id=888"},"modified":"2026-04-29T21:36:52","modified_gmt":"2026-04-29T19:36:52","slug":"vuokravalineet","status":"publish","type":"page","link":"https:\/\/www.viitapohja.fi\/?page_id=888","title":{"rendered":"Vuokrav\u00e4lineet"},"content":{"rendered":"<p><strong>Viitapohjan kyl\u00e4yhdistys vuokraa<\/strong><\/p>\n<p>Telttoja 5 x\u00a0 8 .\u00a0 Hinta . 150 EUR \/vko:n loppu\/ kpl . Telttoja l\u00f6ytyy 3 kpl<\/p>\n<p>P\u00f6yti\u00e4 ja penkkej\u00e4 7 kpl\u00a0 (7 p\u00f6yt\u00e4\u00e4 ja 14 penkki\u00e4)\u00a0 Hinta. 50 EUR\/ vko:n loppu<\/p>\n<p>Soppatykki (1kpl)\u00a0 100 EUR \/ Vko:n loppu<\/p>\n<p>Popcorn -kone 20 EUR \/vko:n loppu<\/p>\n<p>Kysy lis\u00e4\u00e4<\/p>\n<p>viitapohjankylayhdistys@gmail.com<\/p>\n","protected":false},"excerpt":{"rendered":"<p>Viitapohjan kyl\u00e4yhdistys vuokraa Telttoja 5 x\u00a0 8 .\u00a0 Hinta . 150 EUR \/vko:n loppu\/ kpl . Telttoja l\u00f6ytyy 3 kpl P\u00f6yti\u00e4 ja penkkej\u00e4 7 kpl\u00a0 (7 p\u00f6yt\u00e4\u00e4 ja 14 penkki\u00e4)\u00a0 Hinta. 50 EUR\/ vko:n loppu Soppatykki (1kpl)\u00a0 100 EUR \/ &hellip; <a href=\"https:\/\/www.viitapohja.fi\/?page_id=888\">Lue loppuun <span class=\"meta-nav\">&rarr;<\/span><\/a><\/p>\n","protected":false},"author":5,"featured_media":0,"parent":0,"menu_order":0,"comment_status":"closed","ping_status":"closed","template":"onecolumn-page.php","meta":{"footnotes":""},"class_list":["post-888","page","type-page","status-publish","hentry"],"_links":{"self":[{"href":"https:\/\/www.viitapohja.fi\/index.php?rest_route=\/wp\/v2\/pages\/888","targetHints":{"allow":["GET"]}}],"collection":[{"href":"https:\/\/www.viitapohja.fi\/index.php?rest_route=\/wp\/v2\/pages"}],"about":[{"href":"https:\/\/www.viitapohja.fi\/index.php?rest_route=\/wp\/v2\/types\/page"}],"author":[{"embeddable":true,"href":"https:\/\/www.viitapohja.fi\/index.php?rest_route=\/wp\/v2\/users\/5"}],"replies":[{"embeddable":true,"href":"https:\/\/www.viitapohja.fi\/index.php?rest_route=%2Fwp%2Fv2%2Fcomments&post=888"}],"version-history":[{"count":2,"href":"https:\/\/www.viitapohja.fi\/index.php?rest_route=\/wp\/v2\/pages\/888\/revisions"}],"predecessor-version":[{"id":892,"href":"https:\/\/www.viitapohja.fi\/index.php?rest_route=\/wp\/v2\/pages\/888\/revisions\/892"}],"wp:attachment":[{"href":"https:\/\/www.viitapohja.fi\/index.php?rest_route=%2Fwp%2Fv2%2Fmedia&parent=888"}],"curies":[{"name":"wp","href":"https:\/\/api.w.org\/{rel}","templated":true}]}}